{"id":107,"date":"2023-05-25T10:12:09","date_gmt":"2023-05-25T10:12:09","guid":{"rendered":"https:\/\/www.cisrvv.cz\/?page_id=107"},"modified":"2026-02-18T09:50:21","modified_gmt":"2026-02-18T09:50:21","slug":"about-us","status":"publish","type":"page","link":"https:\/\/www.cisrvv.cz\/?page_id=107","title":{"rendered":"About Us"},"content":{"rendered":"\n<p>The Center for International Scientific Research of V\u0160O and V\u0160PP (CISRVV) operates as an independent academic publisher, supporting the dissemination of scholarly knowledge through its two international peer-reviewed journals.<\/p>\n\n\n\n<p>CISRVV publishes the following journals:<\/p>\n\n\n\n<ul class=\"wp-block-list\">\n<li><a href=\"?page_id=78\">Journal of Tourism and Services<\/a> (indexed in Web of Science and Scopus)<\/li>\n\n\n\n<li><a href=\"?page_id=79\">International Journal of Entrepreneurial Knowledge<\/a><\/li>\n<\/ul>\n\n\n\n<p>All manuscripts are evaluated through a <strong>double-blind peer review<\/strong> process by subject-matter experts. The journals provide a platform for disseminating novel research findings and fostering academic discussion in the areas of tourism and services, entrepreneurship, and related fields.<\/p>\n\n\n\n<p><strong>Management and Editorial Office<\/strong><\/p>\n\n\n\n<p>CISRVV is managed by the following team:<\/p>\n\n\n\n<p><strong>Director:<\/strong> <strong>prof. Zolt\u00e1n R\u00f3zsa<\/strong><br>Responsible for publisher governance, publisher policies, and overall management of CISRVV.<\/p>\n\n\n\n<p><strong>Director of the Editorial Office:<\/strong> <strong>Ing. Jana Klju\u010dnikova<\/strong><br>Responsible for editorial office administration and coordination of journal workflows.<\/p>\n\n\n\n<p><strong>Technical Support:<\/strong> <strong>Bc. Jan Kr\u010dm\u00e1\u0159<\/strong><br>Responsible for technical maintenance and support of journal\/publisher websites and publishing infrastructure.<\/p>\n\n\n\n<p><strong><strong>International partners and cooperation<\/strong><\/strong><\/p>\n\n\n\n<p>CISRVV journals cooperate with international academic partners who have contributed to the development of our journals over time. Representatives of these partner institutions have been involved in the journals\u2019 establishment and have helped shape them through various stages of their growth and development.<\/p>\n\n\n\n<p><strong>International partners include:<\/strong><\/p>\n\n\n\n<ul class=\"wp-block-list\">\n<li>Pan-European University in Prague, Czech Republic (JOTS, IJEK)<\/li>\n\n\n\n<li>School of Business and Administration of the Polytechnic Institute of Set\u00fabal, Portugal (JOTS, IJEK)<\/li>\n\n\n\n<li>Faculty of Operation and Economics of Transport and Communications, University of Zilina, Slovakia (IJEK)<\/li>\n\n\n\n<li>Szent Istv\u00e1n University, Faculty of Economics and Social Sciences, Hungary (JOTS, IJEK)<\/li>\n\n\n\n<li>University of Debrecen, Faculty of Economics and Business, Hungary (JOTS, IJEK)<\/li>\n\n\n\n<li>Juraj Dobrila University of Pula, Faculty of Economics and Tourism, Croatia (JOTS)<\/li>\n<\/ul>\n\n\n\n<p><strong><strong>Current involvement<\/strong><\/strong><\/p>\n\n\n\n<p>Today, cooperation is carried out primarily through <strong>editorial board participation and peer review activities<\/strong>. Representatives from the Polytechnic Institute of Set\u00fabal (Portugal) serve on the Editorial Board of JOTS, while representatives from the University of Zilina (Slovakia) and Szent Istv\u00e1n University (Hungary) serve on the Editorial Board of IJEK. The University of Debrecen (Hungary) is represented on the editorial boards of both JOTS and IJEK. Pan-European University in Prague (Czech Republic) contributes through editorial board participation and reviewer involvement in both journals, and representatives from the Juraj Dobrila University of Pula (Croatia) serve on the Editorial Board of JOTS. In addition, colleagues affiliated with partner institutions may act as peer reviewers, selected based on subject expertise and the journals\u2019 reviewer selection procedures.<\/p>\n\n\n\n<p>A complete list of editorial board members is available on each journal\u2019s website.<\/p>\n\n\n\n<p><\/p>\n\n\n\n<h1 class=\"wp-block-heading\">Ethics policy<\/h1>\n\n\n\n<p>CISRVV is committed to meeting high standards of ethical behavior at all stages of the publication process.<\/p>\n\n\n\n<p>The editorial boards, editorial offices, and reviewers strive to follow the <strong>Committee on Publication Ethics (COPE)<\/strong> guidelines in all editorial proceedings. We strongly recommend that all current and prospective authors, prior to submitting a manuscript for blind review, visit <a href=\"http:\/\/www.publicationethics.org\">www.publicationethics.org<\/a> to become familiar with internationally recognized rules and best practices.<\/p>\n\n\n\n<p>We expect that all parties involved in the publishing process will act ethically, in line with the <strong>Principles of Transparency and Best Practice in Scholarly Publishing<\/strong> and other guidelines approved by COPE.<\/p>\n\n\n\n<p>The editorial boards of our journals follow rules on academic writing and academic ethics, including guidance by Miguel Roig (2003, 2006): <em>Avoiding plagiarism, self-plagiarism, and other questionable writing practices: A guide to ethical writing<\/em>, available online at <a href=\"https:\/\/ori.hhs.gov\">https:\/\/ori.hhs.gov<\/a><\/p>\n\n\n\n<p><strong>How to raise a concern<\/strong><\/p>\n\n\n\n<p>Anyone who believes that research published by CISRVV has not been carried out in line with good publication practice and the Principles of Transparency and Best Practice in Scholarly Publishing should raise their concerns with the relevant editor, or email <strong><a>publisher@cisrvv.cz<\/a><\/strong>.<\/p>\n\n\n\n<p><strong>Invoicing:<\/strong> The Center for International Scientific Research of V\u0160O and V\u0160PP (CISRVV) does not have a legal personality. All invoicing questions are handled by the parent company, Go Study, s.r.o.<\/p>\n\n\n\n<p><strong>Authors&#8217;, Reviewers&#8217;, Editors\u2019, and the editing team\u2019s duties and responsibilities are described on the journals\u2019 websites:<\/strong><\/p>\n\n\n\n<ul class=\"wp-block-list\">\n<li><a href=\"https:\/\/jots.cz\/index.php\/JoTS\/pems\">Journal of Tourism and Services<\/a><\/li>\n\n\n\n<li><a href=\"https:\/\/ijek.org\/index.php\/IJEK\/ethics-policy\">International Journal of Entrepreneurial Knowledge<\/a><\/li>\n<\/ul>\n","protected":false},"excerpt":{"rendered":"<p>The Center for International Scientific Research of V\u0160O and V\u0160PP (CISRVV) operates as an independent academic publisher, supporting the dissemination of scholarly knowledge through its two international peer-reviewed journals. CISRVV publishes the following journals: All manuscripts are evaluated through a double-blind peer review process by subject-matter experts. The journals provide a platform for disseminating novel [&hellip;]<\/p>\n","protected":false},"author":1,"featured_media":0,"parent":0,"menu_order":0,"comment_status":"closed","ping_status":"closed","template":"","meta":{"_uag_custom_page_level_css":"","swt_meta_header_display":false,"swt_meta_footer_display":false,"swt_meta_site_title_display":true,"swt_meta_sticky_header":false,"swt_meta_transparent_header":false,"_ti_tpc_template_sync":false,"_ti_tpc_template_id":"","footnotes":""},"class_list":["post-107","page","type-page","status-publish","hentry"],"uagb_featured_image_src":{"full":false,"thumbnail":false,"medium":false,"medium_large":false,"large":false,"1536x1536":false,"2048x2048":false},"uagb_author_info":{"display_name":"cisrvvcz","author_link":"https:\/\/www.cisrvv.cz\/?author=1"},"uagb_comment_info":0,"uagb_excerpt":"The Center for International Scientific Research of V\u0160O and V\u0160PP (CISRVV) operates as an independent academic publisher, supporting the dissemination of scholarly knowledge through its two international peer-reviewed journals. CISRVV publishes the following journals: All manuscripts are evaluated through a double-blind peer review process by subject-matter experts. The journals provide a platform for disseminating novel&hellip;","_links":{"self":[{"href":"https:\/\/www.cisrvv.cz\/index.php?rest_route=\/wp\/v2\/pages\/107","targetHints":{"allow":["GET"]}}],"collection":[{"href":"https:\/\/www.cisrvv.cz\/index.php?rest_route=\/wp\/v2\/pages"}],"about":[{"href":"https:\/\/www.cisrvv.cz\/index.php?rest_route=\/wp\/v2\/types\/page"}],"author":[{"embeddable":true,"href":"https:\/\/www.cisrvv.cz\/index.php?rest_route=\/wp\/v2\/users\/1"}],"replies":[{"embeddable":true,"href":"https:\/\/www.cisrvv.cz\/index.php?rest_route=%2Fwp%2Fv2%2Fcomments&post=107"}],"version-history":[{"count":14,"href":"https:\/\/www.cisrvv.cz\/index.php?rest_route=\/wp\/v2\/pages\/107\/revisions"}],"predecessor-version":[{"id":141,"href":"https:\/\/www.cisrvv.cz\/index.php?rest_route=\/wp\/v2\/pages\/107\/revisions\/141"}],"wp:attachment":[{"href":"https:\/\/www.cisrvv.cz\/index.php?rest_route=%2Fwp%2Fv2%2Fmedia&parent=107"}],"curies":[{"name":"wp","href":"https:\/\/api.w.org\/{rel}","templated":true}]}}